{"id":2502,"date":"2020-11-01T15:07:35","date_gmt":"2020-11-01T14:07:35","guid":{"rendered":"https:\/\/www.atus-koeflach.at\/2019\/?page_id=2502"},"modified":"2025-11-03T15:48:39","modified_gmt":"2025-11-03T14:48:39","slug":"leistungsorientiertes-turnen","status":"publish","type":"page","link":"https:\/\/www.atus-koeflach.at\/2019\/leistungsorientiertes-turnen\/","title":{"rendered":"Leistungsorientiertes Turnen"},"content":{"rendered":"<p><div class=\"fusion-fullwidth fullwidth-box fusion-builder-row-1 fusion-flex-container nonhundred-percent-fullwidth non-hundred-percent-height-scrolling\" style=\"--awb-border-radius-top-left:0px;--awb-border-radius-top-right:0px;--awb-border-radius-bottom-right:0px;--awb-border-radius-bottom-left:0px;--awb-flex-wrap:wrap;\" ><div class=\"fusion-builder-row fusion-row fusion-flex-align-items-flex-start fusion-flex-content-wrap\" style=\"max-width:1216.8px;margin-left: calc(-4% \/ 2 );margin-right: calc(-4% \/ 2 );\"><div class=\"fusion-layout-column fusion_builder_column fusion-builder-column-0 fusion_builder_column_1_1 1_1 fusion-flex-column\" style=\"--awb-bg-size:cover;--awb-width-large:100%;--awb-margin-top-large:0px;--awb-spacing-right-large:1.92%;--awb-margin-bottom-large:20px;--awb-spacing-left-large:1.92%;--awb-width-medium:100%;--awb-spacing-right-medium:1.92%;--awb-spacing-left-medium:1.92%;--awb-width-small:100%;--awb-spacing-right-small:1.92%;--awb-spacing-left-small:1.92%;\"><div class=\"fusion-column-wrapper fusion-column-has-shadow fusion-flex-justify-content-flex-start fusion-content-layout-column\"><div class=\"fusion-title title fusion-title-1 fusion-title-center fusion-title-text fusion-title-size-one\" style=\"--awb-margin-top-small:0px;--awb-margin-right-small:0px;--awb-margin-bottom-small:20px;--awb-margin-left-small:0px;\"><div class=\"title-sep-container title-sep-container-left\"><div class=\"title-sep sep-single sep-solid\" style=\"border-color:#e0dede;\"><\/div><\/div><span class=\"awb-title-spacer\"><\/span><h1 class=\"fusion-title-heading title-heading-center\" style=\"margin:0;\">Leistungsorientiertes Turnen &#8211; Wettkampfturnen<\/h1><span class=\"awb-title-spacer\"><\/span><div class=\"title-sep-container title-sep-container-right\"><div class=\"title-sep sep-single sep-solid\" style=\"border-color:#e0dede;\"><\/div><\/div><\/div><\/div><\/div><\/div><\/div><div class=\"fusion-fullwidth fullwidth-box fusion-builder-row-2 fusion-flex-container nonhundred-percent-fullwidth non-hundred-percent-height-scrolling\" style=\"--awb-border-radius-top-left:0px;--awb-border-radius-top-right:0px;--awb-border-radius-bottom-right:0px;--awb-border-radius-bottom-left:0px;--awb-flex-wrap:wrap;\" ><div class=\"fusion-builder-row fusion-row fusion-flex-align-items-flex-start fusion-flex-content-wrap\" style=\"max-width:1216.8px;margin-left: calc(-4% \/ 2 );margin-right: calc(-4% \/ 2 );\"><div class=\"fusion-layout-column fusion_builder_column fusion-builder-column-1 fusion_builder_column_1_1 1_1 fusion-flex-column\" style=\"--awb-bg-size:cover;--awb-width-large:100%;--awb-margin-top-large:0px;--awb-spacing-right-large:1.92%;--awb-margin-bottom-large:20px;--awb-spacing-left-large:1.92%;--awb-width-medium:100%;--awb-spacing-right-medium:1.92%;--awb-spacing-left-medium:1.92%;--awb-width-small:100%;--awb-spacing-right-small:1.92%;--awb-spacing-left-small:1.92%;\"><div class=\"fusion-column-wrapper fusion-column-has-shadow fusion-flex-justify-content-flex-start fusion-content-layout-column\"><div class=\"fusion-title title fusion-title-2 fusion-title-text fusion-title-size-one\" style=\"--awb-margin-top-small:0px;--awb-margin-right-small:0px;--awb-margin-bottom-small:20px;--awb-margin-left-small:0px;\"><div class=\"title-sep-container title-sep-container-left fusion-no-large-visibility fusion-no-medium-visibility fusion-no-small-visibility\"><div class=\"title-sep sep- sep-solid\" style=\"border-color:#e0dede;\"><\/div><\/div><span class=\"awb-title-spacer fusion-no-large-visibility fusion-no-medium-visibility fusion-no-small-visibility\"><\/span><h1 class=\"fusion-title-heading title-heading-left\" style=\"margin:0;\"><h1><strong>\u00a0Kunstturnen und &#8222;Turn10 Ober- und Aufbaustufe&#8220;<\/strong><\/h1><\/h1><span class=\"awb-title-spacer\"><\/span><div class=\"title-sep-container title-sep-container-right\"><div class=\"title-sep sep- sep-solid\" style=\"border-color:#e0dede;\"><\/div><\/div><\/div><div class=\"fusion-text fusion-text-1\"><p><strong>&#8222;Kunstturnen&#8220; <\/strong>und <strong>\u201eTurn10\u201c\u00a0<\/strong> Geturnt wird an Ger\u00e4ten wie Boden, Stufenbarren\/Reck, Sprung, Minitrampolin und Schwebebalken\/Barren.<\/p>\n<p>Mit Spa\u00df und intensivem Training werden die Kinder auf diese Wettk\u00e4mpfe vorbereitet und sind auch auf Veranstaltungen weitgehend pr\u00e4sent.<\/p>\n<p><strong><em>Die Aufnahme erfolgt nur nach Absprache mit den Trainern und eine<\/em> <em>Teilnahme an W<\/em>ettk\u00e4mpfen ist verpflichtend<\/strong>.<\/p>\n<\/div><\/div><\/div><div class=\"fusion-layout-column fusion_builder_column fusion-builder-column-2 fusion_builder_column_1_4 1_4 fusion-flex-column\" style=\"--awb-bg-size:cover;--awb-width-large:25%;--awb-margin-top-large:0px;--awb-spacing-right-large:7.68%;--awb-margin-bottom-large:20px;--awb-spacing-left-large:7.68%;--awb-width-medium:100%;--awb-spacing-right-medium:1.92%;--awb-spacing-left-medium:1.92%;--awb-width-small:100%;--awb-spacing-right-small:1.92%;--awb-spacing-left-small:1.92%;\"><div class=\"fusion-column-wrapper fusion-column-has-shadow fusion-flex-justify-content-flex-start fusion-content-layout-column\"><div class=\"fusion-image-element \" style=\"--awb-caption-title-font-family:var(--h2_typography-font-family);--awb-caption-title-font-weight:var(--h2_typography-font-weight);--awb-caption-title-font-style:var(--h2_typography-font-style);--awb-caption-title-size:var(--h2_typography-font-size);--awb-caption-title-transform:var(--h2_typography-text-transform);--awb-caption-title-line-height:var(--h2_typography-line-height);--awb-caption-title-letter-spacing:var(--h2_typography-letter-spacing);\"><span class=\" fusion-imageframe imageframe-none imageframe-1 hover-type-none\"><img fetchpriority=\"high\" fetchpriority=\"high\" decoding=\"async\" width=\"225\" height=\"300\" title=\"sommercamp2025 (8)\" src=\"https:\/\/www.atus-koeflach.at\/2019\/wp-content\/uploads\/2025\/08\/sommercamp2025-8.jpg\" data-orig-src=\"https:\/\/www.atus-koeflach.at\/2019\/wp-content\/uploads\/2025\/08\/sommercamp2025-8-225x300.jpg\" alt class=\"lazyload img-responsive wp-image-4152\" srcset=\"data:image\/svg+xml,%3Csvg%20xmlns%3D%27http%3A%2F%2Fwww.w3.org%2F2000%2Fsvg%27%20width%3D%271536%27%20height%3D%272048%27%20viewBox%3D%270%200%201536%202048%27%3E%3Crect%20width%3D%271536%27%20height%3D%272048%27%20fill-opacity%3D%220%22%2F%3E%3C%2Fsvg%3E\" data-srcset=\"https:\/\/www.atus-koeflach.at\/2019\/wp-content\/uploads\/2025\/08\/sommercamp2025-8-200x267.jpg 200w, https:\/\/www.atus-koeflach.at\/2019\/wp-content\/uploads\/2025\/08\/sommercamp2025-8-400x533.jpg 400w, https:\/\/www.atus-koeflach.at\/2019\/wp-content\/uploads\/2025\/08\/sommercamp2025-8-600x800.jpg 600w, https:\/\/www.atus-koeflach.at\/2019\/wp-content\/uploads\/2025\/08\/sommercamp2025-8-800x1067.jpg 800w, https:\/\/www.atus-koeflach.at\/2019\/wp-content\/uploads\/2025\/08\/sommercamp2025-8-1200x1600.jpg 1200w, https:\/\/www.atus-koeflach.at\/2019\/wp-content\/uploads\/2025\/08\/sommercamp2025-8.jpg 1536w\" data-sizes=\"auto\" data-orig-sizes=\"(max-width: 1024px) 100vw, (max-width: 850px) 100vw, 400px\" \/><\/span><\/div><\/div><\/div><div class=\"fusion-layout-column fusion_builder_column fusion-builder-column-3 fusion_builder_column_3_4 3_4 fusion-flex-column\" style=\"--awb-bg-size:cover;--awb-width-large:75%;--awb-margin-top-large:0px;--awb-spacing-right-large:2.56%;--awb-margin-bottom-large:20px;--awb-spacing-left-large:2.56%;--awb-width-medium:100%;--awb-spacing-right-medium:1.92%;--awb-spacing-left-medium:1.92%;--awb-width-small:100%;--awb-spacing-right-small:1.92%;--awb-spacing-left-small:1.92%;\"><div class=\"fusion-column-wrapper fusion-column-has-shadow fusion-flex-justify-content-flex-start fusion-content-layout-column\">\n<div class=\"table-1 fusion-no-small-visibility\">\n<table width=\"100%\">\n<tbody>\n<tr>\n<td align=\"left\">Altersgruppe:<\/td>\n<td align=\"left\">Schulkinder M\u00e4dchen und Burschen<\/td>\n<\/tr>\n<tr>\n<td align=\"left\">Zeit:<\/td>\n<td align=\"left\">Dienstag und Freitag: 17:00 \u2013 20:00 Uhr<\/td>\n<\/tr>\n<tr>\n<td align=\"left\">Ort:<\/td>\n<td align=\"left\">Turnsaal MS K\u00f6flach<\/td>\n<\/tr>\n<tr>\n<td align=\"left\">Zeitraum:<\/td>\n<td align=\"left\">Schuljahr (Beginn:\u00a0 Di. 9. Sep. 2025)<\/td>\n<\/tr>\n<tr>\n<td align=\"left\">Kosten:<\/td>\n<td align=\"left\">\u20ac 400,&#8211; Jahresmitgliedsbeitrag (oder 200,00\u00a0 pro Semester)+ 50,00 Euro\/ Semester f\u00fcr Zusatztrainings<\/td>\n<\/tr>\n<tr>\n<td align=\"left\">Kontakt:<\/td>\n<td align=\"left\">turn10@atus-koeflach.at oder turnverein@atus-koeflach.at<\/td>\n<\/tr>\n<\/tbody>\n<\/table>\n<\/div>\n<\/div><\/div><\/div><\/div><div class=\"fusion-fullwidth fullwidth-box fusion-builder-row-3 fusion-flex-container nonhundred-percent-fullwidth non-hundred-percent-height-scrolling\" style=\"--awb-border-radius-top-left:0px;--awb-border-radius-top-right:0px;--awb-border-radius-bottom-right:0px;--awb-border-radius-bottom-left:0px;--awb-flex-wrap:wrap;\" ><div class=\"fusion-builder-row fusion-row fusion-flex-align-items-flex-start fusion-flex-content-wrap\" style=\"max-width:1216.8px;margin-left: calc(-4% \/ 2 );margin-right: calc(-4% \/ 2 );\"><div class=\"fusion-layout-column fusion_builder_column fusion-builder-column-4 fusion_builder_column_1_1 1_1 fusion-flex-column\" style=\"--awb-bg-size:cover;--awb-width-large:100%;--awb-margin-top-large:0px;--awb-spacing-right-large:1.92%;--awb-margin-bottom-large:20px;--awb-spacing-left-large:1.92%;--awb-width-medium:100%;--awb-spacing-right-medium:1.92%;--awb-spacing-left-medium:1.92%;--awb-width-small:100%;--awb-spacing-right-small:1.92%;--awb-spacing-left-small:1.92%;\"><div class=\"fusion-column-wrapper fusion-column-has-shadow fusion-flex-justify-content-flex-start fusion-content-layout-column\"><div class=\"fusion-title title fusion-title-3 fusion-title-text fusion-title-size-one\" style=\"--awb-margin-top-small:0px;--awb-margin-right-small:0px;--awb-margin-bottom-small:20px;--awb-margin-left-small:0px;\"><div class=\"title-sep-container title-sep-container-left fusion-no-large-visibility fusion-no-medium-visibility fusion-no-small-visibility\"><div class=\"title-sep sep- sep-solid\" style=\"border-color:#e0dede;\"><\/div><\/div><span class=\"awb-title-spacer fusion-no-large-visibility fusion-no-medium-visibility fusion-no-small-visibility\"><\/span><h1 class=\"fusion-title-heading title-heading-left\" style=\"margin:0;\"><h1><strong>Wettkampfturnen: Turn10 &#8211; Basisstufe<br \/>\n<\/strong><\/h1><\/h1><span class=\"awb-title-spacer\"><\/span><div class=\"title-sep-container title-sep-container-right\"><div class=\"title-sep sep- sep-solid\" style=\"border-color:#e0dede;\"><\/div><\/div><\/div><div class=\"fusion-text fusion-text-2\"><p>Alle Kinder beginnen vorerst in der Turn10-Basisstufe : \u201eTurn10\u201c ist ein seit 2008 \u00f6sterreichweit eingef\u00fchrtes Wettkampfprogramm im Ger\u00e4tturnen. Geturnt wird an Ger\u00e4ten wie Boden, Stufenbarren\/Reck, Sprung, Minitrampolin und Schwebebalken\/Barren. Es ist das Ziel, an jedem Ger\u00e4t 10 Elemente aus dem Elemente-Katalog zu beherrschen \u2013 von einfachen Grundteilen bis hin zu anspruchsvollen Elementen. Jedes Turn-Element ist einen Punkt wert, egal ob es sich um eine Rolle oder einen <a href=\"https:\/\/de.wikipedia.org\/wiki\/Salto_(Sprung)\"><u>Salto<\/u><\/a> handelt. Bei optimaler Ausf\u00fchrung gibt es erg\u00e4nzend zu den Grundpunkten bis zu zehn Zusatzpunkte. Mit Spa\u00df und intensivem Training werden die Kinder auf diese Wettk\u00e4mpfe vorbereitet.<\/p>\n<p><strong><em>Die Aufnahme erfolgt nur nach Absprache mit den Trainern und eine<\/em> <em>Teilnahme an W<\/em>ettk\u00e4mpfen ist verpflichtend<\/strong>.<\/p>\n<\/div><\/div><\/div><div class=\"fusion-layout-column fusion_builder_column fusion-builder-column-5 fusion_builder_column_1_4 1_4 fusion-flex-column\" style=\"--awb-bg-size:cover;--awb-width-large:25%;--awb-margin-top-large:0px;--awb-spacing-right-large:7.68%;--awb-margin-bottom-large:20px;--awb-spacing-left-large:7.68%;--awb-width-medium:100%;--awb-spacing-right-medium:1.92%;--awb-spacing-left-medium:1.92%;--awb-width-small:100%;--awb-spacing-right-small:1.92%;--awb-spacing-left-small:1.92%;\"><div class=\"fusion-column-wrapper fusion-column-has-shadow fusion-flex-justify-content-flex-start fusion-content-layout-column\"><div class=\"fusion-image-element \" style=\"--awb-caption-title-font-family:var(--h2_typography-font-family);--awb-caption-title-font-weight:var(--h2_typography-font-weight);--awb-caption-title-font-style:var(--h2_typography-font-style);--awb-caption-title-size:var(--h2_typography-font-size);--awb-caption-title-transform:var(--h2_typography-text-transform);--awb-caption-title-line-height:var(--h2_typography-line-height);--awb-caption-title-letter-spacing:var(--h2_typography-letter-spacing);\"><span class=\" fusion-imageframe imageframe-none imageframe-2 hover-type-none\"><img decoding=\"async\" width=\"300\" height=\"155\" title=\"Halbjahresbericht (5)\" src=\"https:\/\/www.atus-koeflach.at\/2019\/wp-content\/uploads\/2025\/08\/Halbjahresbericht-5.jpg\" data-orig-src=\"https:\/\/www.atus-koeflach.at\/2019\/wp-content\/uploads\/2025\/08\/Halbjahresbericht-5-300x155.jpg\" alt class=\"lazyload img-responsive wp-image-4175\" srcset=\"data:image\/svg+xml,%3Csvg%20xmlns%3D%27http%3A%2F%2Fwww.w3.org%2F2000%2Fsvg%27%20width%3D%272048%27%20height%3D%271057%27%20viewBox%3D%270%200%202048%201057%27%3E%3Crect%20width%3D%272048%27%20height%3D%271057%27%20fill-opacity%3D%220%22%2F%3E%3C%2Fsvg%3E\" data-srcset=\"https:\/\/www.atus-koeflach.at\/2019\/wp-content\/uploads\/2025\/08\/Halbjahresbericht-5-200x103.jpg 200w, https:\/\/www.atus-koeflach.at\/2019\/wp-content\/uploads\/2025\/08\/Halbjahresbericht-5-400x206.jpg 400w, https:\/\/www.atus-koeflach.at\/2019\/wp-content\/uploads\/2025\/08\/Halbjahresbericht-5-600x310.jpg 600w, https:\/\/www.atus-koeflach.at\/2019\/wp-content\/uploads\/2025\/08\/Halbjahresbericht-5-800x413.jpg 800w, https:\/\/www.atus-koeflach.at\/2019\/wp-content\/uploads\/2025\/08\/Halbjahresbericht-5-1200x619.jpg 1200w\" data-sizes=\"auto\" data-orig-sizes=\"(max-width: 1024px) 100vw, (max-width: 850px) 100vw, 400px\" \/><\/span><\/div><\/div><\/div><div class=\"fusion-layout-column fusion_builder_column fusion-builder-column-6 fusion_builder_column_3_4 3_4 fusion-flex-column\" style=\"--awb-bg-size:cover;--awb-width-large:75%;--awb-margin-top-large:0px;--awb-spacing-right-large:2.56%;--awb-margin-bottom-large:20px;--awb-spacing-left-large:2.56%;--awb-width-medium:100%;--awb-order-medium:0;--awb-spacing-right-medium:1.92%;--awb-spacing-left-medium:1.92%;--awb-width-small:100%;--awb-order-small:0;--awb-spacing-right-small:1.92%;--awb-spacing-left-small:1.92%;\"><div class=\"fusion-column-wrapper fusion-column-has-shadow fusion-flex-justify-content-flex-start fusion-content-layout-column\">\n<div class=\"table-1\">\n<table width=\"100%\">\n<tbody>\n<tr>\n<td align=\"left\">Altersgruppe:<\/td>\n<td align=\"left\">Schulkinder M\u00e4dchen und Burschen<\/td>\n<\/tr>\n<tr>\n<td align=\"left\">Zeit:<\/td>\n<td align=\"left\">Mittwoch:\u00a0 \u00a0 17:30 \u2013 19:50 Uhr Donnerstag: 16:30 \u2013 18:50 Uhr<\/td>\n<\/tr>\n<tr>\n<td align=\"left\">Ort:<\/td>\n<td align=\"left\">Bewegungsraum MS K\u00f6flach<\/td>\n<\/tr>\n<tr>\n<td align=\"left\">Zeitraum:<\/td>\n<td align=\"left\">Schuljahr (Beginn: Mi. 10. Sep. 2025)<\/td>\n<\/tr>\n<tr>\n<td align=\"left\">Kosten:<\/td>\n<td align=\"left\">\u20ac 360,&#8211; Jahresmitgliedsbeitrag (oder 180,00 pro Semester)<\/td>\n<\/tr>\n<tr>\n<td align=\"left\">Kontakt:<\/td>\n<td align=\"left\">turn10@atus-koeflach.at<\/td>\n<\/tr>\n<\/tbody>\n<\/table>\n<\/div>\n<\/div><\/div><\/div><\/div><\/p>\n","protected":false},"excerpt":{"rendered":"","protected":false},"author":1,"featured_media":0,"parent":0,"menu_order":0,"comment_status":"closed","ping_status":"closed","template":"","meta":{"footnotes":""},"class_list":["post-2502","page","type-page","status-publish","hentry"],"yoast_head":"<!-- This site is optimized with the Yoast SEO plugin v27.5 - https:\/\/yoast.com\/product\/yoast-seo-wordpress\/ -->\n<title>Leistungsorientiertes Turnen - Atus K\u00f6flach Turnen<\/title>\n<meta name=\"robots\" content=\"index, follow, max-snippet:-1, max-image-preview:large, max-video-preview:-1\" \/>\n<link rel=\"canonical\" href=\"https:\/\/www.atus-koeflach.at\/2019\/leistungsorientiertes-turnen\/\" \/>\n<meta property=\"og:locale\" content=\"de_DE\" \/>\n<meta property=\"og:type\" content=\"article\" \/>\n<meta property=\"og:title\" content=\"Leistungsorientiertes Turnen - Atus K\u00f6flach Turnen\" \/>\n<meta property=\"og:url\" content=\"https:\/\/www.atus-koeflach.at\/2019\/leistungsorientiertes-turnen\/\" \/>\n<meta property=\"og:site_name\" content=\"Atus K\u00f6flach Turnen\" \/>\n<meta property=\"article:modified_time\" content=\"2025-11-03T14:48:39+00:00\" \/>\n<meta name=\"twitter:card\" content=\"summary_large_image\" \/>\n<meta name=\"twitter:label1\" content=\"Gesch\u00e4tzte Lesezeit\" \/>\n\t<meta name=\"twitter:data1\" content=\"3\u00a0Minuten\" \/>\n<script type=\"application\/ld+json\" class=\"yoast-schema-graph\">{\"@context\":\"https:\\\/\\\/schema.org\",\"@graph\":[{\"@type\":\"WebPage\",\"@id\":\"https:\\\/\\\/www.atus-koeflach.at\\\/2019\\\/leistungsorientiertes-turnen\\\/\",\"url\":\"https:\\\/\\\/www.atus-koeflach.at\\\/2019\\\/leistungsorientiertes-turnen\\\/\",\"name\":\"Leistungsorientiertes Turnen - Atus K\u00f6flach Turnen\",\"isPartOf\":{\"@id\":\"https:\\\/\\\/www.atus-koeflach.at\\\/2019\\\/#website\"},\"datePublished\":\"2020-11-01T14:07:35+00:00\",\"dateModified\":\"2025-11-03T14:48:39+00:00\",\"breadcrumb\":{\"@id\":\"https:\\\/\\\/www.atus-koeflach.at\\\/2019\\\/leistungsorientiertes-turnen\\\/#breadcrumb\"},\"inLanguage\":\"de\",\"potentialAction\":[{\"@type\":\"ReadAction\",\"target\":[\"https:\\\/\\\/www.atus-koeflach.at\\\/2019\\\/leistungsorientiertes-turnen\\\/\"]}]},{\"@type\":\"BreadcrumbList\",\"@id\":\"https:\\\/\\\/www.atus-koeflach.at\\\/2019\\\/leistungsorientiertes-turnen\\\/#breadcrumb\",\"itemListElement\":[{\"@type\":\"ListItem\",\"position\":1,\"name\":\"Startseite\",\"item\":\"https:\\\/\\\/www.atus-koeflach.at\\\/2019\\\/\"},{\"@type\":\"ListItem\",\"position\":2,\"name\":\"Leistungsorientiertes Turnen\"}]},{\"@type\":\"WebSite\",\"@id\":\"https:\\\/\\\/www.atus-koeflach.at\\\/2019\\\/#website\",\"url\":\"https:\\\/\\\/www.atus-koeflach.at\\\/2019\\\/\",\"name\":\"Atus K\u00f6flach Turnen\",\"description\":\"Turnen aus Leidenschaft\",\"publisher\":{\"@id\":\"https:\\\/\\\/www.atus-koeflach.at\\\/2019\\\/#\\\/schema\\\/person\\\/2a0a0f461c0626e22207dcef881c6d39\"},\"potentialAction\":[{\"@type\":\"SearchAction\",\"target\":{\"@type\":\"EntryPoint\",\"urlTemplate\":\"https:\\\/\\\/www.atus-koeflach.at\\\/2019\\\/?s={search_term_string}\"},\"query-input\":{\"@type\":\"PropertyValueSpecification\",\"valueRequired\":true,\"valueName\":\"search_term_string\"}}],\"inLanguage\":\"de\"},{\"@type\":[\"Person\",\"Organization\"],\"@id\":\"https:\\\/\\\/www.atus-koeflach.at\\\/2019\\\/#\\\/schema\\\/person\\\/2a0a0f461c0626e22207dcef881c6d39\",\"name\":\"Karin Krauthackl\",\"image\":{\"@type\":\"ImageObject\",\"inLanguage\":\"de\",\"@id\":\"https:\\\/\\\/secure.gravatar.com\\\/avatar\\\/ddec361b0ce7ed2674e2dda6d7dc52407fc06784890258909b75daeb085c27b7?s=96&d=mm&r=g\",\"url\":\"https:\\\/\\\/secure.gravatar.com\\\/avatar\\\/ddec361b0ce7ed2674e2dda6d7dc52407fc06784890258909b75daeb085c27b7?s=96&d=mm&r=g\",\"contentUrl\":\"https:\\\/\\\/secure.gravatar.com\\\/avatar\\\/ddec361b0ce7ed2674e2dda6d7dc52407fc06784890258909b75daeb085c27b7?s=96&d=mm&r=g\",\"caption\":\"Karin Krauthackl\"},\"logo\":{\"@id\":\"https:\\\/\\\/secure.gravatar.com\\\/avatar\\\/ddec361b0ce7ed2674e2dda6d7dc52407fc06784890258909b75daeb085c27b7?s=96&d=mm&r=g\"}}]}<\/script>\n<!-- \/ Yoast SEO plugin. -->","yoast_head_json":{"title":"Leistungsorientiertes Turnen - Atus K\u00f6flach Turnen","robots":{"index":"index","follow":"follow","max-snippet":"max-snippet:-1","max-image-preview":"max-image-preview:large","max-video-preview":"max-video-preview:-1"},"canonical":"https:\/\/www.atus-koeflach.at\/2019\/leistungsorientiertes-turnen\/","og_locale":"de_DE","og_type":"article","og_title":"Leistungsorientiertes Turnen - Atus K\u00f6flach Turnen","og_url":"https:\/\/www.atus-koeflach.at\/2019\/leistungsorientiertes-turnen\/","og_site_name":"Atus K\u00f6flach Turnen","article_modified_time":"2025-11-03T14:48:39+00:00","twitter_card":"summary_large_image","twitter_misc":{"Gesch\u00e4tzte Lesezeit":"3\u00a0Minuten"},"schema":{"@context":"https:\/\/schema.org","@graph":[{"@type":"WebPage","@id":"https:\/\/www.atus-koeflach.at\/2019\/leistungsorientiertes-turnen\/","url":"https:\/\/www.atus-koeflach.at\/2019\/leistungsorientiertes-turnen\/","name":"Leistungsorientiertes Turnen - Atus K\u00f6flach Turnen","isPartOf":{"@id":"https:\/\/www.atus-koeflach.at\/2019\/#website"},"datePublished":"2020-11-01T14:07:35+00:00","dateModified":"2025-11-03T14:48:39+00:00","breadcrumb":{"@id":"https:\/\/www.atus-koeflach.at\/2019\/leistungsorientiertes-turnen\/#breadcrumb"},"inLanguage":"de","potentialAction":[{"@type":"ReadAction","target":["https:\/\/www.atus-koeflach.at\/2019\/leistungsorientiertes-turnen\/"]}]},{"@type":"BreadcrumbList","@id":"https:\/\/www.atus-koeflach.at\/2019\/leistungsorientiertes-turnen\/#breadcrumb","itemListElement":[{"@type":"ListItem","position":1,"name":"Startseite","item":"https:\/\/www.atus-koeflach.at\/2019\/"},{"@type":"ListItem","position":2,"name":"Leistungsorientiertes Turnen"}]},{"@type":"WebSite","@id":"https:\/\/www.atus-koeflach.at\/2019\/#website","url":"https:\/\/www.atus-koeflach.at\/2019\/","name":"Atus K\u00f6flach Turnen","description":"Turnen aus Leidenschaft","publisher":{"@id":"https:\/\/www.atus-koeflach.at\/2019\/#\/schema\/person\/2a0a0f461c0626e22207dcef881c6d39"},"potentialAction":[{"@type":"SearchAction","target":{"@type":"EntryPoint","urlTemplate":"https:\/\/www.atus-koeflach.at\/2019\/?s={search_term_string}"},"query-input":{"@type":"PropertyValueSpecification","valueRequired":true,"valueName":"search_term_string"}}],"inLanguage":"de"},{"@type":["Person","Organization"],"@id":"https:\/\/www.atus-koeflach.at\/2019\/#\/schema\/person\/2a0a0f461c0626e22207dcef881c6d39","name":"Karin Krauthackl","image":{"@type":"ImageObject","inLanguage":"de","@id":"https:\/\/secure.gravatar.com\/avatar\/ddec361b0ce7ed2674e2dda6d7dc52407fc06784890258909b75daeb085c27b7?s=96&d=mm&r=g","url":"https:\/\/secure.gravatar.com\/avatar\/ddec361b0ce7ed2674e2dda6d7dc52407fc06784890258909b75daeb085c27b7?s=96&d=mm&r=g","contentUrl":"https:\/\/secure.gravatar.com\/avatar\/ddec361b0ce7ed2674e2dda6d7dc52407fc06784890258909b75daeb085c27b7?s=96&d=mm&r=g","caption":"Karin Krauthackl"},"logo":{"@id":"https:\/\/secure.gravatar.com\/avatar\/ddec361b0ce7ed2674e2dda6d7dc52407fc06784890258909b75daeb085c27b7?s=96&d=mm&r=g"}}]}},"_links":{"self":[{"href":"https:\/\/www.atus-koeflach.at\/2019\/wp-json\/wp\/v2\/pages\/2502","targetHints":{"allow":["GET"]}}],"collection":[{"href":"https:\/\/www.atus-koeflach.at\/2019\/wp-json\/wp\/v2\/pages"}],"about":[{"href":"https:\/\/www.atus-koeflach.at\/2019\/wp-json\/wp\/v2\/types\/page"}],"author":[{"embeddable":true,"href":"https:\/\/www.atus-koeflach.at\/2019\/wp-json\/wp\/v2\/users\/1"}],"replies":[{"embeddable":true,"href":"https:\/\/www.atus-koeflach.at\/2019\/wp-json\/wp\/v2\/comments?post=2502"}],"version-history":[{"count":12,"href":"https:\/\/www.atus-koeflach.at\/2019\/wp-json\/wp\/v2\/pages\/2502\/revisions"}],"predecessor-version":[{"id":4255,"href":"https:\/\/www.atus-koeflach.at\/2019\/wp-json\/wp\/v2\/pages\/2502\/revisions\/4255"}],"wp:attachment":[{"href":"https:\/\/www.atus-koeflach.at\/2019\/wp-json\/wp\/v2\/media?parent=2502"}],"curies":[{"name":"wp","href":"https:\/\/api.w.org\/{rel}","templated":true}]}}