{"id":2497,"date":"2020-11-01T14:55:46","date_gmt":"2020-11-01T13:55:46","guid":{"rendered":"https:\/\/www.atus-koeflach.at\/2019\/?page_id=2497"},"modified":"2020-11-01T14:55:46","modified_gmt":"2020-11-01T13:55:46","slug":"leitbild","status":"publish","type":"page","link":"https:\/\/www.atus-koeflach.at\/2019\/leitbild\/","title":{"rendered":"Leitbild"},"content":{"rendered":"<h2><strong>Geschichte<\/strong><\/h2>\n<p>Der Turnverein ATUS K\u00f6flach blickt auf eine jahrhundert\u00fcbergreifende Geschichte zur\u00fcck. Der Verein ging aus der sich nach dem Ende des Ersten Weltkrieges entwickelnden Arbeitersportbewegung hervor.<\/p>\n<p>Nach einem ersten vergeblichen Versuch im Jahre 1919 &#8211; die Bezirkshauptmannschaft wies den entsprechenden Antrag zur\u00fcck &#8211; gelang die Gr\u00fcndung als \u201eArbeiter Turnverein K\u00f6flach\u201c im Jahr 1920.<\/p>\n<p>W\u00e4hrend des austrofaschistischen \u201eSt\u00e4ndestaates\u201c und der Schreckensherrschaft der NS-Diktatur war der Verein von 1934 bis 1945 verboten.<\/p>\n<p>Die offizielle Wiedergr\u00fcndung erfolgte 1952.<\/p>\n<p>In den folgenden Jahrzehnten bis in die Gegenwart entwickelte sich der Turnverein ATUS K\u00f6flach zu einem der gr\u00f6\u00dften und aktivsten Vereine in der Lipizzanerstadt K\u00f6flach.<\/p>\n<p>&nbsp;<\/p>\n<h2><strong>Unsere Ziele<\/strong><\/h2>\n<p>Der ATUS K\u00f6flach Turnen ist einerseits dem Breitensport verpflichtet, widmet sich anderseits in den letzten Jahren aber auch vermehrt dem Leistungssport.<\/p>\n<p>Mit unserem breiten und vielseitigen Angebot vom \u201eZwergerlturnen\u201c \u00fcber \u201eAllgemeines Turnen\u201c, \u201eKunstturnen\u201c und \u201eTurn 10\u201c bis zur \u201eGesundheitsgymnastik\u201c erm\u00f6glichen wir Sportaus\u00fcbung von der Kindheit bis ins hohe Alter.<\/p>\n<p>Wir verstehen uns als Verein f\u00fcr alle Bev\u00f6lkerungsschichten, Altersklassen und sozialen Gruppen.<\/p>\n<p>Besonders liegt uns die Nachwuchsarbeit am Herzen. Basis daf\u00fcr ist unsere klar strukturierte und gut organisierte Vereinsarbeit.<\/p>\n<p>Wir legen gr\u00f6\u00dften Wert darauf, bestens ausgebildete Betreuerinnen und Betreuer einzusetzen.<\/p>\n<p>Sie garantieren die nachhaltige Motivation der betreuten Kinder und Jugendlichen, vermitteln ihnen Freude und Spa\u00df am Turnen und an der Bewegung.<\/p>\n<p>Wir f\u00f6rdern aber auch gezielt den Leistungssport.<\/p>\n<p>Zahlreiche Erfolge unserer Sch\u00fctzlinge bei Landes- und Staatsmeisterschaften best\u00e4rken uns in der Absicht, diesen Weg zu gehen.<\/p>\n<p>Ein Weg, auf dem wir mit unseren Leistungen auch die \u201eLipizzanerstadt\u201c K\u00f6flach und die Region \u201eLipizzanerheimat\u201c mit Stolz und Freude vertreten.<\/p>\n<p><strong>\u00a0<\/strong><\/p>\n<h2><strong>Wir wollen \u2026<\/strong><\/h2>\n<ul>\n<li>Freude am Sport von Kindesbeinen an vermitteln.<\/li>\n<li>Kindern und Jugendlichen ein sinnvolles Freizeitangebot anbieten.<\/li>\n<li>den am Leistungssport interessierten Turnerinnen und Turnern erm\u00f6glichen, ihre F\u00e4higkeiten st\u00e4ndig weiterzuentwickeln, um sich im sportlichen Wettkampf erfolgreich mit anderen zu messen.<\/li>\n<li>gesunde Bewegung f\u00fcr alle Altersgruppen f\u00f6rdern<\/li>\n<li>den besonderen Bed\u00fcrfnissen der \u00e4lteren Generation bei der Sportaus\u00fcbung entgegenkommen.<\/li>\n<li>sportlich begabten und sozial kompetenten Mitgliedern die M\u00f6glichkeit geben, ihre Talente als Helfer oder \u00dcbungsleiter zu n\u00fctzen.<\/li>\n<\/ul>\n<h2><strong>Unsere Mitarbeiterinnen und Mitarbeiter \u2026<\/strong><\/h2>\n<ul>\n<li>k\u00f6nnen sich auf klare Handlungs- und Entscheidungskriterien verlassen.<\/li>\n<li>haben Freude an ihrer Arbeit, sind Vorbilder und Werbetr\u00e4ger f\u00fcr unseren Verein in der \u00d6ffentlichkeit.<\/li>\n<li>begegnen einander und den von ihnen betreuten Menschen stets respektvoll, emphatisch und wertsch\u00e4tzend.<\/li>\n<li>sind gerne bereit, sich st\u00e4ndig weiterzubilden.<\/li>\n<\/ul>\n<h2><strong>Unsere gesellschaftliche Bedeutung<\/strong><\/h2>\n<ul>\n<li>Wir sehen uns als anerkannten und wertgesch\u00e4tzten Teil der Gesellschaft.<\/li>\n<li>Wir gestalten das gesellschaftliche und sportliche Leben in unserem Umfeld engagiert, motiviert und verantwortungsvoll mit.<\/li>\n<li>Wir sind Ansprechpartner und \u201eGesundheitspartner\u201c f\u00fcr alle Menschen, die ihre Freude an Sport und Bewegung im Turnsport zum Ausdruck bringen.<\/li>\n<\/ul>\n","protected":false},"excerpt":{"rendered":"<p>Geschichte Der Turnverein ATUS K\u00f6flach blickt auf eine jahrhundert\u00fcbergreifende Geschichte zur\u00fcck. Der Verein ging aus der sich nach dem Ende des Ersten Weltkrieges entwickelnden Arbeitersportbewegung hervor. Nach einem ersten vergeblichen Versuch im Jahre 1919 &#8211; die Bezirkshauptmannschaft wies den entsprechenden Antrag zur\u00fcck &#8211; gelang die Gr\u00fcndung als \u201eArbeiter Turnverein K\u00f6flach\u201c im Jahr 1920. W\u00e4hrend des austrofaschistischen \u201eSt\u00e4ndestaates\u201c und der Schreckensherrschaft der NS-Diktatur war der Verein von 1934 bis 1945 verboten. Die offizielle Wiedergr\u00fcndung erfolgte 1952. In den folgenden Jahrzehnten bis in die Gegenwart entwickelte sich der Turnverein ATUS K\u00f6flach zu einem der gr\u00f6\u00dften und aktivsten Vereine in der Lipizzanerstadt K\u00f6flach. &nbsp; Unsere Ziele Der ATUS K\u00f6flach Turnen ist einerseits dem Breitensport verpflichtet, widmet sich anderseits in den letzten Jahren aber auch vermehrt dem Leistungssport. Mit unserem breiten und vielseitigen Angebot vom \u201eZwergerlturnen\u201c \u00fcber \u201eAllgemeines Turnen\u201c, \u201eKunstturnen\u201c und \u201eTurn 10\u201c bis zur \u201eGesundheitsgymnastik\u201c erm\u00f6glichen wir Sportaus\u00fcbung von der Kindheit bis ins hohe Alter. Wir verstehen uns als Verein f\u00fcr alle Bev\u00f6lkerungsschichten, Altersklassen und sozialen Gruppen. Besonders liegt uns die Nachwuchsarbeit am Herzen. Basis daf\u00fcr ist unsere klar strukturierte und gut organisierte Vereinsarbeit. Wir legen gr\u00f6\u00dften Wert darauf, bestens ausgebildete Betreuerinnen und Betreuer einzusetzen. Sie garantieren die nachhaltige Motivation der betreuten Kinder und Jugendlichen, vermitteln ihnen Freude und Spa\u00df am Turnen und an der Bewegung. Wir f\u00f6rdern aber auch gezielt den Leistungssport. Zahlreiche Erfolge unserer Sch\u00fctzlinge bei Landes- und Staatsmeisterschaften best\u00e4rken uns in der Absicht, diesen Weg zu gehen. Ein Weg, auf dem wir mit unseren Leistungen auch die \u201eLipizzanerstadt\u201c K\u00f6flach und die Region \u201eLipizzanerheimat\u201c mit Stolz und Freude vertreten. \u00a0 Wir wollen \u2026 Freude am Sport von Kindesbeinen an vermitteln. Kindern und Jugendlichen ein sinnvolles Freizeitangebot anbieten. den am Leistungssport interessierten Turnerinnen und Turnern erm\u00f6glichen, ihre F\u00e4higkeiten st\u00e4ndig weiterzuentwickeln, um sich im sportlichen Wettkampf erfolgreich mit anderen zu messen. gesunde Bewegung  [&#8230;]<\/p>\n","protected":false},"author":1,"featured_media":0,"parent":0,"menu_order":0,"comment_status":"closed","ping_status":"closed","template":"","meta":{"footnotes":""},"class_list":["post-2497","page","type-page","status-publish","hentry"],"yoast_head":"<!-- This site is optimized with the Yoast SEO plugin v27.5 - https:\/\/yoast.com\/product\/yoast-seo-wordpress\/ -->\n<title>Leitbild - Atus K\u00f6flach Turnen<\/title>\n<meta name=\"robots\" content=\"index, follow, max-snippet:-1, max-image-preview:large, max-video-preview:-1\" \/>\n<link rel=\"canonical\" href=\"https:\/\/www.atus-koeflach.at\/2019\/leitbild\/\" \/>\n<meta property=\"og:locale\" content=\"de_DE\" \/>\n<meta property=\"og:type\" content=\"article\" \/>\n<meta property=\"og:title\" content=\"Leitbild - Atus K\u00f6flach Turnen\" \/>\n<meta property=\"og:description\" content=\"Geschichte Der Turnverein ATUS K\u00f6flach blickt auf eine jahrhundert\u00fcbergreifende Geschichte zur\u00fcck. Der Verein ging aus der sich nach dem Ende des Ersten Weltkrieges entwickelnden Arbeitersportbewegung hervor. Nach einem ersten vergeblichen Versuch im Jahre 1919 &#8211; die Bezirkshauptmannschaft wies den entsprechenden Antrag zur\u00fcck &#8211; gelang die Gr\u00fcndung als \u201eArbeiter Turnverein K\u00f6flach\u201c im Jahr 1920. W\u00e4hrend des austrofaschistischen \u201eSt\u00e4ndestaates\u201c und der Schreckensherrschaft der NS-Diktatur war der Verein von 1934 bis 1945 verboten. Die offizielle Wiedergr\u00fcndung erfolgte 1952. In den folgenden Jahrzehnten bis in die Gegenwart entwickelte sich der Turnverein ATUS K\u00f6flach zu einem der gr\u00f6\u00dften und aktivsten Vereine in der Lipizzanerstadt K\u00f6flach. &nbsp; Unsere Ziele Der ATUS K\u00f6flach Turnen ist einerseits dem Breitensport verpflichtet, widmet sich anderseits in den letzten Jahren aber auch vermehrt dem Leistungssport. Mit unserem breiten und vielseitigen Angebot vom \u201eZwergerlturnen\u201c \u00fcber \u201eAllgemeines Turnen\u201c, \u201eKunstturnen\u201c und \u201eTurn 10\u201c bis zur \u201eGesundheitsgymnastik\u201c erm\u00f6glichen wir Sportaus\u00fcbung von der Kindheit bis ins hohe Alter. Wir verstehen uns als Verein f\u00fcr alle Bev\u00f6lkerungsschichten, Altersklassen und sozialen Gruppen. Besonders liegt uns die Nachwuchsarbeit am Herzen. Basis daf\u00fcr ist unsere klar strukturierte und gut organisierte Vereinsarbeit. Wir legen gr\u00f6\u00dften Wert darauf, bestens ausgebildete Betreuerinnen und Betreuer einzusetzen. Sie garantieren die nachhaltige Motivation der betreuten Kinder und Jugendlichen, vermitteln ihnen Freude und Spa\u00df am Turnen und an der Bewegung. Wir f\u00f6rdern aber auch gezielt den Leistungssport. Zahlreiche Erfolge unserer Sch\u00fctzlinge bei Landes- und Staatsmeisterschaften best\u00e4rken uns in der Absicht, diesen Weg zu gehen. Ein Weg, auf dem wir mit unseren Leistungen auch die \u201eLipizzanerstadt\u201c K\u00f6flach und die Region \u201eLipizzanerheimat\u201c mit Stolz und Freude vertreten. \u00a0 Wir wollen \u2026 Freude am Sport von Kindesbeinen an vermitteln. Kindern und Jugendlichen ein sinnvolles Freizeitangebot anbieten. den am Leistungssport interessierten Turnerinnen und Turnern erm\u00f6glichen, ihre F\u00e4higkeiten st\u00e4ndig weiterzuentwickeln, um sich im sportlichen Wettkampf erfolgreich mit anderen zu messen. gesunde Bewegung [...]\" \/>\n<meta property=\"og:url\" content=\"https:\/\/www.atus-koeflach.at\/2019\/leitbild\/\" \/>\n<meta property=\"og:site_name\" content=\"Atus K\u00f6flach Turnen\" \/>\n<meta name=\"twitter:card\" content=\"summary_large_image\" \/>\n<meta name=\"twitter:label1\" content=\"Gesch\u00e4tzte Lesezeit\" \/>\n\t<meta name=\"twitter:data1\" content=\"2\u00a0Minuten\" \/>\n<script type=\"application\/ld+json\" class=\"yoast-schema-graph\">{\"@context\":\"https:\\\/\\\/schema.org\",\"@graph\":[{\"@type\":\"WebPage\",\"@id\":\"https:\\\/\\\/www.atus-koeflach.at\\\/2019\\\/leitbild\\\/\",\"url\":\"https:\\\/\\\/www.atus-koeflach.at\\\/2019\\\/leitbild\\\/\",\"name\":\"Leitbild - Atus K\u00f6flach Turnen\",\"isPartOf\":{\"@id\":\"https:\\\/\\\/www.atus-koeflach.at\\\/2019\\\/#website\"},\"datePublished\":\"2020-11-01T13:55:46+00:00\",\"breadcrumb\":{\"@id\":\"https:\\\/\\\/www.atus-koeflach.at\\\/2019\\\/leitbild\\\/#breadcrumb\"},\"inLanguage\":\"de\",\"potentialAction\":[{\"@type\":\"ReadAction\",\"target\":[\"https:\\\/\\\/www.atus-koeflach.at\\\/2019\\\/leitbild\\\/\"]}]},{\"@type\":\"BreadcrumbList\",\"@id\":\"https:\\\/\\\/www.atus-koeflach.at\\\/2019\\\/leitbild\\\/#breadcrumb\",\"itemListElement\":[{\"@type\":\"ListItem\",\"position\":1,\"name\":\"Startseite\",\"item\":\"https:\\\/\\\/www.atus-koeflach.at\\\/2019\\\/\"},{\"@type\":\"ListItem\",\"position\":2,\"name\":\"Leitbild\"}]},{\"@type\":\"WebSite\",\"@id\":\"https:\\\/\\\/www.atus-koeflach.at\\\/2019\\\/#website\",\"url\":\"https:\\\/\\\/www.atus-koeflach.at\\\/2019\\\/\",\"name\":\"Atus K\u00f6flach Turnen\",\"description\":\"Turnen aus Leidenschaft\",\"publisher\":{\"@id\":\"https:\\\/\\\/www.atus-koeflach.at\\\/2019\\\/#\\\/schema\\\/person\\\/2a0a0f461c0626e22207dcef881c6d39\"},\"potentialAction\":[{\"@type\":\"SearchAction\",\"target\":{\"@type\":\"EntryPoint\",\"urlTemplate\":\"https:\\\/\\\/www.atus-koeflach.at\\\/2019\\\/?s={search_term_string}\"},\"query-input\":{\"@type\":\"PropertyValueSpecification\",\"valueRequired\":true,\"valueName\":\"search_term_string\"}}],\"inLanguage\":\"de\"},{\"@type\":[\"Person\",\"Organization\"],\"@id\":\"https:\\\/\\\/www.atus-koeflach.at\\\/2019\\\/#\\\/schema\\\/person\\\/2a0a0f461c0626e22207dcef881c6d39\",\"name\":\"Karin Krauthackl\",\"image\":{\"@type\":\"ImageObject\",\"inLanguage\":\"de\",\"@id\":\"https:\\\/\\\/secure.gravatar.com\\\/avatar\\\/ddec361b0ce7ed2674e2dda6d7dc52407fc06784890258909b75daeb085c27b7?s=96&d=mm&r=g\",\"url\":\"https:\\\/\\\/secure.gravatar.com\\\/avatar\\\/ddec361b0ce7ed2674e2dda6d7dc52407fc06784890258909b75daeb085c27b7?s=96&d=mm&r=g\",\"contentUrl\":\"https:\\\/\\\/secure.gravatar.com\\\/avatar\\\/ddec361b0ce7ed2674e2dda6d7dc52407fc06784890258909b75daeb085c27b7?s=96&d=mm&r=g\",\"caption\":\"Karin Krauthackl\"},\"logo\":{\"@id\":\"https:\\\/\\\/secure.gravatar.com\\\/avatar\\\/ddec361b0ce7ed2674e2dda6d7dc52407fc06784890258909b75daeb085c27b7?s=96&d=mm&r=g\"}}]}<\/script>\n<!-- \/ Yoast SEO plugin. -->","yoast_head_json":{"title":"Leitbild - Atus K\u00f6flach Turnen","robots":{"index":"index","follow":"follow","max-snippet":"max-snippet:-1","max-image-preview":"max-image-preview:large","max-video-preview":"max-video-preview:-1"},"canonical":"https:\/\/www.atus-koeflach.at\/2019\/leitbild\/","og_locale":"de_DE","og_type":"article","og_title":"Leitbild - Atus K\u00f6flach Turnen","og_description":"Geschichte Der Turnverein ATUS K\u00f6flach blickt auf eine jahrhundert\u00fcbergreifende Geschichte zur\u00fcck. Der Verein ging aus der sich nach dem Ende des Ersten Weltkrieges entwickelnden Arbeitersportbewegung hervor. Nach einem ersten vergeblichen Versuch im Jahre 1919 &#8211; die Bezirkshauptmannschaft wies den entsprechenden Antrag zur\u00fcck &#8211; gelang die Gr\u00fcndung als \u201eArbeiter Turnverein K\u00f6flach\u201c im Jahr 1920. W\u00e4hrend des austrofaschistischen \u201eSt\u00e4ndestaates\u201c und der Schreckensherrschaft der NS-Diktatur war der Verein von 1934 bis 1945 verboten. Die offizielle Wiedergr\u00fcndung erfolgte 1952. In den folgenden Jahrzehnten bis in die Gegenwart entwickelte sich der Turnverein ATUS K\u00f6flach zu einem der gr\u00f6\u00dften und aktivsten Vereine in der Lipizzanerstadt K\u00f6flach. &nbsp; Unsere Ziele Der ATUS K\u00f6flach Turnen ist einerseits dem Breitensport verpflichtet, widmet sich anderseits in den letzten Jahren aber auch vermehrt dem Leistungssport. Mit unserem breiten und vielseitigen Angebot vom \u201eZwergerlturnen\u201c \u00fcber \u201eAllgemeines Turnen\u201c, \u201eKunstturnen\u201c und \u201eTurn 10\u201c bis zur \u201eGesundheitsgymnastik\u201c erm\u00f6glichen wir Sportaus\u00fcbung von der Kindheit bis ins hohe Alter. Wir verstehen uns als Verein f\u00fcr alle Bev\u00f6lkerungsschichten, Altersklassen und sozialen Gruppen. Besonders liegt uns die Nachwuchsarbeit am Herzen. Basis daf\u00fcr ist unsere klar strukturierte und gut organisierte Vereinsarbeit. Wir legen gr\u00f6\u00dften Wert darauf, bestens ausgebildete Betreuerinnen und Betreuer einzusetzen. Sie garantieren die nachhaltige Motivation der betreuten Kinder und Jugendlichen, vermitteln ihnen Freude und Spa\u00df am Turnen und an der Bewegung. Wir f\u00f6rdern aber auch gezielt den Leistungssport. Zahlreiche Erfolge unserer Sch\u00fctzlinge bei Landes- und Staatsmeisterschaften best\u00e4rken uns in der Absicht, diesen Weg zu gehen. Ein Weg, auf dem wir mit unseren Leistungen auch die \u201eLipizzanerstadt\u201c K\u00f6flach und die Region \u201eLipizzanerheimat\u201c mit Stolz und Freude vertreten. \u00a0 Wir wollen \u2026 Freude am Sport von Kindesbeinen an vermitteln. Kindern und Jugendlichen ein sinnvolles Freizeitangebot anbieten. den am Leistungssport interessierten Turnerinnen und Turnern erm\u00f6glichen, ihre F\u00e4higkeiten st\u00e4ndig weiterzuentwickeln, um sich im sportlichen Wettkampf erfolgreich mit anderen zu messen. gesunde Bewegung [...]","og_url":"https:\/\/www.atus-koeflach.at\/2019\/leitbild\/","og_site_name":"Atus K\u00f6flach Turnen","twitter_card":"summary_large_image","twitter_misc":{"Gesch\u00e4tzte Lesezeit":"2\u00a0Minuten"},"schema":{"@context":"https:\/\/schema.org","@graph":[{"@type":"WebPage","@id":"https:\/\/www.atus-koeflach.at\/2019\/leitbild\/","url":"https:\/\/www.atus-koeflach.at\/2019\/leitbild\/","name":"Leitbild - Atus K\u00f6flach Turnen","isPartOf":{"@id":"https:\/\/www.atus-koeflach.at\/2019\/#website"},"datePublished":"2020-11-01T13:55:46+00:00","breadcrumb":{"@id":"https:\/\/www.atus-koeflach.at\/2019\/leitbild\/#breadcrumb"},"inLanguage":"de","potentialAction":[{"@type":"ReadAction","target":["https:\/\/www.atus-koeflach.at\/2019\/leitbild\/"]}]},{"@type":"BreadcrumbList","@id":"https:\/\/www.atus-koeflach.at\/2019\/leitbild\/#breadcrumb","itemListElement":[{"@type":"ListItem","position":1,"name":"Startseite","item":"https:\/\/www.atus-koeflach.at\/2019\/"},{"@type":"ListItem","position":2,"name":"Leitbild"}]},{"@type":"WebSite","@id":"https:\/\/www.atus-koeflach.at\/2019\/#website","url":"https:\/\/www.atus-koeflach.at\/2019\/","name":"Atus K\u00f6flach Turnen","description":"Turnen aus Leidenschaft","publisher":{"@id":"https:\/\/www.atus-koeflach.at\/2019\/#\/schema\/person\/2a0a0f461c0626e22207dcef881c6d39"},"potentialAction":[{"@type":"SearchAction","target":{"@type":"EntryPoint","urlTemplate":"https:\/\/www.atus-koeflach.at\/2019\/?s={search_term_string}"},"query-input":{"@type":"PropertyValueSpecification","valueRequired":true,"valueName":"search_term_string"}}],"inLanguage":"de"},{"@type":["Person","Organization"],"@id":"https:\/\/www.atus-koeflach.at\/2019\/#\/schema\/person\/2a0a0f461c0626e22207dcef881c6d39","name":"Karin Krauthackl","image":{"@type":"ImageObject","inLanguage":"de","@id":"https:\/\/secure.gravatar.com\/avatar\/ddec361b0ce7ed2674e2dda6d7dc52407fc06784890258909b75daeb085c27b7?s=96&d=mm&r=g","url":"https:\/\/secure.gravatar.com\/avatar\/ddec361b0ce7ed2674e2dda6d7dc52407fc06784890258909b75daeb085c27b7?s=96&d=mm&r=g","contentUrl":"https:\/\/secure.gravatar.com\/avatar\/ddec361b0ce7ed2674e2dda6d7dc52407fc06784890258909b75daeb085c27b7?s=96&d=mm&r=g","caption":"Karin Krauthackl"},"logo":{"@id":"https:\/\/secure.gravatar.com\/avatar\/ddec361b0ce7ed2674e2dda6d7dc52407fc06784890258909b75daeb085c27b7?s=96&d=mm&r=g"}}]}},"_links":{"self":[{"href":"https:\/\/www.atus-koeflach.at\/2019\/wp-json\/wp\/v2\/pages\/2497","targetHints":{"allow":["GET"]}}],"collection":[{"href":"https:\/\/www.atus-koeflach.at\/2019\/wp-json\/wp\/v2\/pages"}],"about":[{"href":"https:\/\/www.atus-koeflach.at\/2019\/wp-json\/wp\/v2\/types\/page"}],"author":[{"embeddable":true,"href":"https:\/\/www.atus-koeflach.at\/2019\/wp-json\/wp\/v2\/users\/1"}],"replies":[{"embeddable":true,"href":"https:\/\/www.atus-koeflach.at\/2019\/wp-json\/wp\/v2\/comments?post=2497"}],"version-history":[{"count":0,"href":"https:\/\/www.atus-koeflach.at\/2019\/wp-json\/wp\/v2\/pages\/2497\/revisions"}],"wp:attachment":[{"href":"https:\/\/www.atus-koeflach.at\/2019\/wp-json\/wp\/v2\/media?parent=2497"}],"curies":[{"name":"wp","href":"https:\/\/api.w.org\/{rel}","templated":true}]}}